{"id":14433,"date":"2026-04-16T13:01:29","date_gmt":"2026-04-16T13:01:29","guid":{"rendered":"https:\/\/dsch.cl\/?page_id=14433"},"modified":"2026-04-16T16:55:28","modified_gmt":"2026-04-16T16:55:28","slug":"calendario","status":"publish","type":"page","link":"https:\/\/dsch.cl\/?page_id=14433","title":{"rendered":"Calendario"},"content":{"rendered":"\n<div class=\"wp-block-columns is-layout-flex wp-container-core-columns-is-layout-28f84493 wp-block-columns-is-layout-flex\">\n<div class=\"wp-block-column is-layout-flow wp-block-column-is-layout-flow\" style=\"flex-basis:100%\">\n<section class=\"hero-video hero-video--full\">\n  <video class=\"hero-video__bg\" autoplay muted loop playsinline preload=\"metadata\">\n    <source src=\"https:\/\/dsch.cl\/wp-content\/uploads\/videoplayback.mp4\" type=\"video\/mp4\">\n  <\/video>\n\n  <div class=\"hero-video__overlay\"><\/div>\n\n  <div class=\"hero-video__content\">\n    <img decoding=\"async\"\n      class=\"hero-video__logo hero-video__logo--left\"\n      src=\"https:\/\/dsch.cl\/wp-content\/uploads\/2026\/04\/paschlogoneu_quadratisch-v1-formatkey-png-w320r-1-1-e1775577462426.png\"\n      alt=\"\"\n      aria-hidden=\"true\"\n    >\n    <img decoding=\"async\"\n      class=\"hero-video__logo hero-video__logo--right\"\n      src=\"https:\/\/dsch.cl\/wp-content\/uploads\/2026\/04\/image-removebg-preview.png\"\n      alt=\"\"\n      aria-hidden=\"true\"\n    >\n  <\/div>\n\n  <div class=\"hero-video__buttons hero-video__buttons--split\">\n    <div class=\"hero-video__card hero-video__card--left\">\n      <div class=\"hero-video__submenu\">\n        <div class=\"hero-video__submenu-links\">\n          <a href=\"https:\/\/dsch.cl\/?page_id=14437\" class=\"hero-video__submenu-link\">Historia<\/a>\n          <a href=\"https:\/\/dsch.cl\/?page_id=14453\" class=\"hero-video__submenu-link\">Proyecto educativo<\/a>\n          <a href=\"https:\/\/dsch.cl\/?page_id=14442\" class=\"hero-video__submenu-link\">Equipos<\/a>\n          <a href=\"https:\/\/dsch.cl\/?page_id=14448\" class=\"hero-video__submenu-link\">Reglamento<\/a>\n          <a href=\"#\" class=\"hero-video__submenu-link\">Alianzas y socios<\/a>\n          <a href=\"#\" class=\"hero-video__submenu-link\">Otros colegios alemanes<\/a>\n        <\/div>\n      <\/div>\n      <a href=\"#\" class=\"hero-video__btn hero-video__btn--block hero-video__btn--neutral\">Colegio<\/a>\n    <\/div>\n\n    <a href=\"#\" class=\"hero-video__btn hero-video__btn--block hero-video__btn--neutral\">Programa<br>internacional<\/a>\n\n    <a href=\"https:\/\/dsch.cl\/?page_id=14490\" class=\"hero-video__btn hero-video__btn--block hero-video__btn--accent\">Admisi&oacute;n<\/a>\n\n    <div class=\"hero-video__card hero-video__card--right\">\n      <div class=\"hero-video__submenu\">\n        <div class=\"hero-video__submenu-links\">\n          <a href=\"https:\/\/dsch.cl\/?page_id=14448\" class=\"hero-video__submenu-link\">Reglamentos<\/a>\n          <a href=\"#\" class=\"hero-video__submenu-link\">Bachillerato internacional<\/a>\n          <a href=\"#\" class=\"hero-video__submenu-link\">Niveles educativos<\/a>\n          <a href=\"#\" class=\"hero-video__submenu-link\">Equipos docentes<\/a>\n          <a href=\"#\" class=\"hero-video__submenu-link\">Jornada extendida<\/a>\n          <a href=\"#\" class=\"hero-video__submenu-link\">Intercambios<\/a>\n        <\/div>\n      <\/div>\n      <a href=\"#\" class=\"hero-video__btn hero-video__btn--block hero-video__btn--neutral\">Nuestra<br>pedagog&iacute;a<\/a>\n    <\/div>\n\n    <a href=\"#\" class=\"hero-video__btn hero-video__btn--block hero-video__btn--neutral\">Comunidad<\/a>\n  <\/div>\n<\/section>\n<\/div>\n<\/div>\n\n\n\n<!-- ============================================================\n     CALENDARIO \u2014 paste as Custom HTML block in WP editor\n     Requires: assets\/css\/page.css\n     Replace month name and events with real data.\n     ============================================================ -->\n\n<div class=\"page-content\">\n\n  <h1 class=\"page-title\">Calendario<\/h1>\n\n  <div class=\"calendar-wrap\">\n    <table class=\"calendar-table\">\n      <tbody>\n\n        <!-- Month label row: sits above the first separator line.\n             The month name appears in the 7th cell (domingo column). -->\n        <tr class=\"cal-month-row\">\n          <td colspan=\"6\"><\/td>\n          <td><span class=\"cal-month-label\">marzo<\/span><\/td>\n        <\/tr>\n\n        <!-- Week 1 (prev-month days + start of month) -->\n        <tr>\n          <td><span class=\"cal-day-num cal-day-num--other\">23<\/span><\/td>\n          <td><span class=\"cal-day-num cal-day-num--other\">24<\/span><\/td>\n          <td><span class=\"cal-day-num cal-day-num--other\">25<\/span><\/td>\n          <td><span class=\"cal-day-num cal-day-num--other\">26<\/span><\/td>\n          <td><span class=\"cal-day-num cal-day-num--other\">27<\/span><\/td>\n          <td><span class=\"cal-day-num cal-day-num--other\">28<\/span><\/td>\n          <td><span class=\"cal-day-num\">01<\/span><\/td>\n        <\/tr>\n\n        <!-- Week 2 -->\n        <tr>\n          <td>\n            <span class=\"cal-day-num\">02<\/span>\n            <span class=\"cal-event cal-event--blue\">\n              <span class=\"cal-event-time\">09:00<\/span> Reuni\u00f3n apoderados 3\u00b0 B\u00e1sico\n            <\/span>\n          <\/td>\n          <td>\n            <span class=\"cal-day-num\">03<\/span>\n            <span class=\"cal-event cal-event--orange\">\n              <span class=\"cal-event-time\">10:00<\/span> Taller de arte\n            <\/span>\n          <\/td>\n          <td>\n            <span class=\"cal-day-num\">04<\/span>\n          <\/td>\n          <td>\n            <span class=\"cal-day-num\">05<\/span>\n            <span class=\"cal-event cal-event--green\">\n              <span class=\"cal-event-time\">08:30<\/span> D\u00eda del deporte\n            <\/span>\n          <\/td>\n          <td>\n            <span class=\"cal-day-num\">06<\/span>\n            <span class=\"cal-event cal-event--blue\">\n              <span class=\"cal-event-time\">09:00<\/span> Prueba diagn\u00f3stica\n            <\/span>\n          <\/td>\n          <td><span class=\"cal-day-num\">07<\/span><\/td>\n          <td><span class=\"cal-day-num\">08<\/span><\/td>\n        <\/tr>\n\n        <!-- Week 3 -->\n        <tr>\n          <td>\n            <span class=\"cal-day-num\">09<\/span>\n          <\/td>\n          <td>\n            <span class=\"cal-day-num\">10<\/span>\n            <span class=\"cal-event cal-event--blue\">\n              <span class=\"cal-event-time\">15:00<\/span> Taller extraprogram\u00e1tico\n            <\/span>\n          <\/td>\n          <td>\n            <span class=\"cal-day-num\">11<\/span>\n          <\/td>\n          <td>\n            <span class=\"cal-day-num\">12<\/span>\n            <span class=\"cal-event cal-event--orange\">\n              <span class=\"cal-event-time\">10:00<\/span> Feria del libro\n            <\/span>\n          <\/td>\n          <td>\n            <span class=\"cal-day-num\">13<\/span>\n            <span class=\"cal-event cal-event--blue\">\n              <span class=\"cal-event-time\">19:00<\/span> Reuni\u00f3n apoderados 1\u00b0 Medio\n            <\/span>\n          <\/td>\n          <td><span class=\"cal-day-num\">14<\/span><\/td>\n          <td><span class=\"cal-day-num\">15<\/span><\/td>\n        <\/tr>\n\n        <!-- Week 4 -->\n        <tr>\n          <td>\n            <span class=\"cal-day-num\">16<\/span>\n            <span class=\"cal-event cal-event--green\">\n              <span class=\"cal-event-time\">08:00<\/span> Consejo de curso\n            <\/span>\n          <\/td>\n          <td>\n            <span class=\"cal-day-num\">17<\/span>\n            <span class=\"cal-event cal-event--blue\">\n              <span class=\"cal-event-time\">09:00<\/span> Evaluaci\u00f3n formativa\n            <\/span>\n          <\/td>\n          <td>\n            <span class=\"cal-day-num\">18<\/span>\n          <\/td>\n          <td>\n            <span class=\"cal-day-num\">19<\/span>\n            <span class=\"cal-event cal-event--orange\">\n              <span class=\"cal-event-time\">11:00<\/span> Presentaci\u00f3n musical\n            <\/span>\n          <\/td>\n          <td>\n            <span class=\"cal-day-num\">20<\/span>\n            <span class=\"cal-event cal-event--blue\">\n              <span class=\"cal-event-time\">15:00<\/span> Taller extraprogram\u00e1tico\n            <\/span>\n          <\/td>\n          <td><span class=\"cal-day-num\">21<\/span><\/td>\n          <td><span class=\"cal-day-num\">22<\/span><\/td>\n        <\/tr>\n\n        <!-- Week 5 -->\n        <tr>\n          <td>\n            <span class=\"cal-day-num\">23<\/span>\n            <span class=\"cal-event cal-event--blue\">\n              <span class=\"cal-event-time\">19:00<\/span> Reuni\u00f3n de apoderados\n            <\/span>\n            <span class=\"cal-event cal-event--gray\">Apoderados 5\u00b0 B\u00e1sico<\/span>\n          <\/td>\n          <td>\n            <span class=\"cal-day-num\">24<\/span>\n          <\/td>\n          <td>\n            <span class=\"cal-day-num\">25<\/span>\n            <span class=\"cal-event cal-event--green\">\n              <span class=\"cal-event-time\">09:00<\/span> Olimpiadas matem\u00e1ticas\n            <\/span>\n          <\/td>\n          <td>\n            <span class=\"cal-day-num\">26<\/span>\n            <span class=\"cal-event cal-event--orange\">\n              <span class=\"cal-event-time\">10:00<\/span> D\u00eda cultural\n            <\/span>\n          <\/td>\n          <td>\n            <span class=\"cal-day-num\">27<\/span>\n            <span class=\"cal-event cal-event--blue\">\n              <span class=\"cal-event-time\">15:00<\/span> Taller extraprogram\u00e1tico\n            <\/span>\n          <\/td>\n          <td><span class=\"cal-day-num\">28<\/span><\/td>\n          <td><span class=\"cal-day-num\">29<\/span><\/td>\n        <\/tr>\n\n        <!-- Week 6 (overflow into next month) -->\n        <tr>\n          <td>\n            <span class=\"cal-day-num\">30<\/span>\n            <span class=\"cal-event cal-event--blue\">\n              <span class=\"cal-event-time\">08:00<\/span> Acto c\u00edvico\n            <\/span>\n          <\/td>\n          <td><span class=\"cal-day-num cal-day-num--other\">01<\/span><\/td>\n          <td><span class=\"cal-day-num cal-day-num--other\">02<\/span><\/td>\n          <td><span class=\"cal-day-num cal-day-num--other\">03<\/span><\/td>\n          <td><span class=\"cal-day-num cal-day-num--other\">04<\/span><\/td>\n          <td><span class=\"cal-day-num cal-day-num--other\">05<\/span><\/td>\n          <td><span class=\"cal-day-num cal-day-num--other\">06<\/span><\/td>\n        <\/tr>\n\n      <\/tbody>\n    <\/table>\n  <\/div>\n\n<\/div>\n<!-- \/page-content -->\n\n","protected":false},"excerpt":{"rendered":"<p>Calendario marzo 23 24 25 26 27 28 01 02 09:00 Reuni\u00f3n apoderados 3\u00b0 B\u00e1sico 03 10:00 Taller de arte 04 05 08:30 D\u00eda del deporte 06 09:00 Prueba diagn\u00f3stica 07 08 09 10 15:00 Taller extraprogram\u00e1tico 11 12 10:00 Feria del libro 13 19:00 Reuni\u00f3n apoderados 1\u00b0 Medio 14 15 16 08:00 Consejo de [&hellip;]<\/p>\n","protected":false},"author":1,"featured_media":0,"parent":0,"menu_order":0,"comment_status":"closed","ping_status":"closed","template":"","meta":{"footnotes":""},"class_list":["post-14433","page","type-page","status-publish","hentry"],"_links":{"self":[{"href":"https:\/\/dsch.cl\/index.php?rest_route=\/wp\/v2\/pages\/14433","targetHints":{"allow":["GET"]}}],"collection":[{"href":"https:\/\/dsch.cl\/index.php?rest_route=\/wp\/v2\/pages"}],"about":[{"href":"https:\/\/dsch.cl\/index.php?rest_route=\/wp\/v2\/types\/page"}],"author":[{"embeddable":true,"href":"https:\/\/dsch.cl\/index.php?rest_route=\/wp\/v2\/users\/1"}],"replies":[{"embeddable":true,"href":"https:\/\/dsch.cl\/index.php?rest_route=%2Fwp%2Fv2%2Fcomments&post=14433"}],"version-history":[{"count":3,"href":"https:\/\/dsch.cl\/index.php?rest_route=\/wp\/v2\/pages\/14433\/revisions"}],"predecessor-version":[{"id":14456,"href":"https:\/\/dsch.cl\/index.php?rest_route=\/wp\/v2\/pages\/14433\/revisions\/14456"}],"wp:attachment":[{"href":"https:\/\/dsch.cl\/index.php?rest_route=%2Fwp%2Fv2%2Fmedia&parent=14433"}],"curies":[{"name":"wp","href":"https:\/\/api.w.org\/{rel}","templated":true}]}}