{"id":14437,"date":"2026-04-16T13:06:37","date_gmt":"2026-04-16T13:06:37","guid":{"rendered":"https:\/\/dsch.cl\/?page_id=14437"},"modified":"2026-04-16T13:52:20","modified_gmt":"2026-04-16T13:52:20","slug":"historia","status":"publish","type":"page","link":"https:\/\/dsch.cl\/?page_id=14437","title":{"rendered":"Historia"},"content":{"rendered":"\n<div class=\"wp-block-columns is-layout-flex wp-container-core-columns-is-layout-28f84493 wp-block-columns-is-layout-flex\">\n<div class=\"wp-block-column is-layout-flow wp-block-column-is-layout-flow\" style=\"flex-basis:100%\">\n<section class=\"hero-video hero-video--full\">\n  <video class=\"hero-video__bg\" autoplay muted loop playsinline preload=\"metadata\">\n    <source src=\"https:\/\/dsch.cl\/wp-content\/uploads\/videoplayback.mp4\" type=\"video\/mp4\">\n  <\/video>\n\n  <div class=\"hero-video__overlay\"><\/div>\n\n  <div class=\"hero-video__content\">\n    <img decoding=\"async\"\n      class=\"hero-video__logo hero-video__logo--left\"\n      src=\"https:\/\/dsch.cl\/wp-content\/uploads\/2026\/04\/paschlogoneu_quadratisch-v1-formatkey-png-w320r-1-1-e1775577462426.png\"\n      alt=\"\"\n      aria-hidden=\"true\"\n    >\n    <img decoding=\"async\"\n      class=\"hero-video__logo hero-video__logo--right\"\n      src=\"https:\/\/dsch.cl\/wp-content\/uploads\/2026\/04\/image-removebg-preview.png\"\n      alt=\"\"\n      aria-hidden=\"true\"\n    >\n  <\/div>\n\n  <div class=\"hero-video__buttons hero-video__buttons--split\">\n    <div class=\"hero-video__card hero-video__card--left\">\n      <div class=\"hero-video__submenu\">\n        <div class=\"hero-video__submenu-links\">\n          <a href=\"https:\/\/dsch.cl\/?page_id=14437\" class=\"hero-video__submenu-link\">Historia<\/a>\n          <a href=\"https:\/\/dsch.cl\/?page_id=14453\" class=\"hero-video__submenu-link\">Proyecto educativo<\/a>\n          <a href=\"https:\/\/dsch.cl\/?page_id=14442\" class=\"hero-video__submenu-link\">Equipos<\/a>\n          <a href=\"https:\/\/dsch.cl\/?page_id=14448\" class=\"hero-video__submenu-link\">Reglamento<\/a>\n          <a href=\"#\" class=\"hero-video__submenu-link\">Alianzas y socios<\/a>\n          <a href=\"#\" class=\"hero-video__submenu-link\">Otros colegios alemanes<\/a>\n        <\/div>\n      <\/div>\n      <a href=\"#\" class=\"hero-video__btn hero-video__btn--block hero-video__btn--neutral\">Colegio<\/a>\n    <\/div>\n\n    <a href=\"#\" class=\"hero-video__btn hero-video__btn--block hero-video__btn--neutral\">Programa<br>internacional<\/a>\n\n    <a href=\"https:\/\/dsch.cl\/?page_id=14490\" class=\"hero-video__btn hero-video__btn--block hero-video__btn--accent\">Admisi&oacute;n<\/a>\n\n    <div class=\"hero-video__card hero-video__card--right\">\n      <div class=\"hero-video__submenu\">\n        <div class=\"hero-video__submenu-links\">\n          <a href=\"https:\/\/dsch.cl\/?page_id=14448\" class=\"hero-video__submenu-link\">Reglamentos<\/a>\n          <a href=\"#\" class=\"hero-video__submenu-link\">Bachillerato internacional<\/a>\n          <a href=\"#\" class=\"hero-video__submenu-link\">Niveles educativos<\/a>\n          <a href=\"#\" class=\"hero-video__submenu-link\">Equipos docentes<\/a>\n          <a href=\"#\" class=\"hero-video__submenu-link\">Jornada extendida<\/a>\n          <a href=\"#\" class=\"hero-video__submenu-link\">Intercambios<\/a>\n        <\/div>\n      <\/div>\n      <a href=\"#\" class=\"hero-video__btn hero-video__btn--block hero-video__btn--neutral\">Nuestra<br>pedagog&iacute;a<\/a>\n    <\/div>\n\n    <a href=\"#\" class=\"hero-video__btn hero-video__btn--block hero-video__btn--neutral\">Comunidad<\/a>\n  <\/div>\n<\/section>\n<\/div>\n<\/div>\n\n\n\n<!-- ============================================================\n     HISTORIA \u2014 paste as Custom HTML block in WP editor\n     Requires: assets\/css\/page.css\n     Replace placeholder image src=\"\" with real media library URLs.\n     ============================================================ -->\n\n<div class=\"page-content\">\n\n  <h1 class=\"page-title\">Historia<\/h1>\n\n  <!-- Separator spans only the left column width -->\n  <hr class=\"historia-divider\">\n\n  <!-- \u2500\u2500 Row 1: [year + text] | [2 stacked portrait images] \u2500\u2500 -->\n  <div class=\"historia-entry\">\n\n    <div class=\"historia-entry__content\">\n      <h2 class=\"historia-year\">2017<\/h2>\n      <div class=\"historia-text\">\n        <p>\n          Desde finales del 2017, el Colegio Alem\u00e1n Chicureo se incorpor\u00f3 a la\n          Organizaci\u00f3n del Bachillerato Internacional (IB), una entidad\n          reconocida mundialmente por su misi\u00f3n de crear un mundo mejor a trav\u00e9s\n          de la educaci\u00f3n intercultural. El IB busca formar j\u00f3venes solidarios,\n          informados y \u00e1vidos de conocimiento, capaces de contribuir a crear un\n          mundo mejor y m\u00e1s pac\u00edfico, en el marco del entendimiento mutuo y el\n          respeto intercultural. En consonancia con su misi\u00f3n y visi\u00f3n, la\n          filosof\u00eda del IB promueve la excelencia acad\u00e9mica y la formaci\u00f3n de\n          valores, fomentando una convivencia pac\u00edfica y positiva en la comunidad.\n        <\/p>\n        <p>\n          Desde fines del a\u00f1o 2017 el Colegio Alem\u00e1n Chicureo se convierte en\n          parte de la Organizaci\u00f3n del Bachillerato Internacional (IB) que se\n          plantea como misi\u00f3n: <em>&#8220;El Bachillerato Internacional tiene como meta\n          formar j\u00f3venes solidarios, informados y \u00e1vidos de conocimiento, capaces\n          de contribuir a crear un mundo mejor y m\u00e1s pac\u00edfico, en el marco del\n          entendimiento mutuo y el respeto intercultural.&#8221;<\/em>\n        <\/p>\n        <p>\n          En pro de este objetivo, la organizaci\u00f3n colabora con establecimientos\n          escolares, gobiernos y organizaciones internacionales para crear y\n          desarrollar programas de educaci\u00f3n internacional exigentes y m\u00e9todos de\n          evaluaci\u00f3n rigurosos.\n        <\/p>\n        <p>\n          Estos programas alientan a estudiantes del mundo entero a adoptar una\n          actitud activa de aprendizaje durante toda la vida, a ser compasivos y a\n          entender que otras personas, con sus diferencias, tambi\u00e9n pueden estar en\n          lo cierto.\n        <\/p>\n        <p>\n          Esta filosof\u00eda es coherente con la misi\u00f3n y visi\u00f3n del Colegio, ya que\n          fomenta la excelencia acad\u00e9mica y la formaci\u00f3n val\u00f3rica, promoviendo una\n          convivencia pac\u00edfica y positiva en la comunidad.\n        <\/p>\n      <\/div>\n    <\/div>\n\n    <!-- Two portrait image placeholders \u2014 replace src=\"\" with real URLs -->\n    <div class=\"historia-entry__images\">\n      <img decoding=\"async\" class=\"historia-entry__img-slot\" src=\"\" alt=\"\">\n      <img decoding=\"async\" class=\"historia-entry__img-slot\" src=\"\" alt=\"\">\n    <\/div>\n\n  <\/div>\n  <!-- \/row 1 -->\n\n  <!-- Second separator \u2014 right column -->\n  <hr class=\"historia-divider historia-divider--right\" style=\"margin-top: 48px;\">\n\n  <!-- \u2500\u2500 Row 2: [landscape image] | [year + text] \u2500\u2500 -->\n  <div class=\"historia-entry historia-entry--flip\">\n\n    <!-- Replace src with real image URL -->\n    <img decoding=\"async\" class=\"historia-img\" src=\"\" alt=\"Colegio Alem\u00e1n Chicureo 2019\">\n\n    <div class=\"historia-entry__right\">\n      <h2 class=\"historia-year\">2019<\/h2>\n      <div class=\"historia-text\">\n        <p>\n          Al 2019 el Colegio cuenta con cursos de aproximadamente 25 estudiantes\n          cada uno en 10 niveles educativos, desde Preescolar a 2\u00b0 b\u00e1sico, y\n          contin\u00faa progresivamente ampliando los niveles para tener la primera\n          generaci\u00f3n de egresados de IV Medio el a\u00f1o 2025.\n        <\/p>\n      <\/div>\n    <\/div>\n\n  <\/div>\n  <!-- \/row 2 -->\n\n  <!-- \u2500\u2500 Add more entries following the same pattern \u2500\u2500 -->\n  <!--\n  <hr class=\"historia-divider\" style=\"margin-top: 48px;\">\n  <div class=\"historia-entry\">\n    <div class=\"historia-entry__content\">\n      <h2 class=\"historia-year\">2021<\/h2>\n      <div class=\"historia-text\"><p>...<\/p><\/div>\n    <\/div>\n    <div class=\"historia-entry__images\">\n      <img decoding=\"async\" class=\"historia-entry__img-slot\" src=\"\" alt=\"\">\n      <img decoding=\"async\" class=\"historia-entry__img-slot\" src=\"\" alt=\"\">\n    <\/div>\n  <\/div>\n  -->\n\n<\/div>\n<!-- \/page-content -->\n\n","protected":false},"excerpt":{"rendered":"<p>Historia 2017 Desde finales del 2017, el Colegio Alem\u00e1n Chicureo se incorpor\u00f3 a la Organizaci\u00f3n del Bachillerato Internacional (IB), una entidad reconocida mundialmente por su misi\u00f3n de crear un mundo mejor a trav\u00e9s de la educaci\u00f3n intercultural. El IB busca formar j\u00f3venes solidarios, informados y \u00e1vidos de conocimiento, capaces de contribuir a crear un mundo [&hellip;]<\/p>\n","protected":false},"author":1,"featured_media":0,"parent":0,"menu_order":0,"comment_status":"closed","ping_status":"closed","template":"","meta":{"footnotes":""},"class_list":["post-14437","page","type-page","status-publish","hentry"],"_links":{"self":[{"href":"https:\/\/dsch.cl\/index.php?rest_route=\/wp\/v2\/pages\/14437","targetHints":{"allow":["GET"]}}],"collection":[{"href":"https:\/\/dsch.cl\/index.php?rest_route=\/wp\/v2\/pages"}],"about":[{"href":"https:\/\/dsch.cl\/index.php?rest_route=\/wp\/v2\/types\/page"}],"author":[{"embeddable":true,"href":"https:\/\/dsch.cl\/index.php?rest_route=\/wp\/v2\/users\/1"}],"replies":[{"embeddable":true,"href":"https:\/\/dsch.cl\/index.php?rest_route=%2Fwp%2Fv2%2Fcomments&post=14437"}],"version-history":[{"count":8,"href":"https:\/\/dsch.cl\/index.php?rest_route=\/wp\/v2\/pages\/14437\/revisions"}],"predecessor-version":[{"id":14447,"href":"https:\/\/dsch.cl\/index.php?rest_route=\/wp\/v2\/pages\/14437\/revisions\/14447"}],"wp:attachment":[{"href":"https:\/\/dsch.cl\/index.php?rest_route=%2Fwp%2Fv2%2Fmedia&parent=14437"}],"curies":[{"name":"wp","href":"https:\/\/api.w.org\/{rel}","templated":true}]}}