{"id":14448,"date":"2026-04-16T13:54:34","date_gmt":"2026-04-16T13:54:34","guid":{"rendered":"https:\/\/dsch.cl\/?page_id=14448"},"modified":"2026-04-24T05:10:45","modified_gmt":"2026-04-24T05:10:45","slug":"reglamentos","status":"publish","type":"page","link":"https:\/\/dsch.cl\/?page_id=14448","title":{"rendered":"Reglamentos"},"content":{"rendered":"<section class=\"hero-pages\">\n  <video class=\"hero-pages__bg\" autoplay muted loop playsinline preload=\"metadata\">\n    <source src=\"https:\/\/dsch.cl\/wp-content\/uploads\/videoplayback.mp4\" type=\"video\/mp4\">\n  <\/video>\n\n  <div class=\"hero-pages__overlay\"><\/div>\n\n  <div class=\"hero-pages__inner\">\n    <img decoding=\"async\"\n      class=\"hero-pages__side-logo hero-pages__side-logo--left\"\n      src=\"https:\/\/dsch.cl\/wp-content\/uploads\/2026\/04\/paschlogoneu_quadratisch-v1-formatkey-png-w320r-1-1-e1775577462426.png\"\n      alt=\"\"\n      aria-hidden=\"true\"\n    >\n\n    <img decoding=\"async\"\n      class=\"hero-pages__side-logo hero-pages__side-logo--right\"\n      src=\"https:\/\/dsch.cl\/wp-content\/uploads\/2026\/04\/image-removebg-preview.png\"\n      alt=\"\"\n      aria-hidden=\"true\"\n    >\n  <\/div>\n\n  <div class=\"hero-pages__buttons hero-pages__buttons--split\">\n    <div class=\"hero-pages__card hero-pages__card--left\">\n      <div class=\"hero-pages__submenu\">\n        <div class=\"hero-pages__submenu-links\">\n          <a href=\"https:\/\/dsch.cl\/?page_id=14437\" class=\"hero-pages__submenu-link\">Historia<\/a>\n          <a href=\"https:\/\/dsch.cl\/?page_id=14453\" class=\"hero-pages__submenu-link\">Proyecto educativo<\/a>\n          <a href=\"https:\/\/dsch.cl\/?page_id=14442\" class=\"hero-pages__submenu-link\">Equipos<\/a>\n          <a href=\"https:\/\/dsch.cl\/?page_id=14448\" class=\"hero-pages__submenu-link\">Reglamento<\/a>\n          <a href=\"#\" class=\"hero-pages__submenu-link\">Alianzas y socios<\/a>\n          <a href=\"#\" class=\"hero-pages__submenu-link\">Otros colegios alemanes<\/a>\n        <\/div>\n      <\/div>\n      <a href=\"#\" class=\"hero-pages__btn hero-pages__btn--block hero-pages__btn--neutral\">Colegio<\/a>\n    <\/div>\n\n    <a href=\"#\" class=\"hero-pages__btn hero-pages__btn--block hero-pages__btn--neutral\">Programa<br>internacional<\/a>\n\n    <a href=\"https:\/\/dsch.cl\/?page_id=14490\" class=\"hero-pages__btn hero-pages__btn--block hero-pages__btn--accent\">Admisi&oacute;n<\/a>\n\n    <div class=\"hero-pages__card hero-pages__card--right\">\n      <div class=\"hero-pages__submenu\">\n        <div class=\"hero-pages__submenu-links\">\n          <a href=\"https:\/\/dsch.cl\/?page_id=14448\" class=\"hero-pages__submenu-link\">Reglamentos<\/a>\n          <a href=\"#\" class=\"hero-pages__submenu-link\">Bachillerato internacional<\/a>\n          <a href=\"#\" class=\"hero-pages__submenu-link\">Niveles educativos<\/a>\n          <a href=\"#\" class=\"hero-pages__submenu-link\">Equipos docentes<\/a>\n          <a href=\"#\" class=\"hero-pages__submenu-link\">Jornada extendida<\/a>\n          <a href=\"#\" class=\"hero-pages__submenu-link\">Intercambios<\/a>\n        <\/div>\n      <\/div>\n      <a href=\"#\" class=\"hero-pages__btn hero-pages__btn--block hero-pages__btn--neutral\">Nuestra<br>pedagog&iacute;a<\/a>\n    <\/div>\n\n    <a href=\"#\" class=\"hero-pages__btn hero-pages__btn--block hero-pages__btn--neutral\">Comunidad<\/a>\n  <\/div>\n<\/section>\n\n\n<div class=\"page-content page-content--docs\">\n  <h1 class=\"page-title\">Reglamentos y protocolos<\/h1>\n\n  <div class=\"docs-grid\">\n    <a href=\"https:\/\/dsch.cl\/wp-content\/uploads\/2026\/04\/RIE-2025-actualizado-al-5.11.2025-1.pdf\" class=\"doc-card doc-card--muted\" target=\"_blank\" rel=\"noopener\">\n      <div class=\"doc-card__thumb\">\n        <img decoding=\"async\" src=\"https:\/\/dsch.cl\/wp-content\/uploads\/2026\/04\/icon_2_-11.png\" alt=\"Reglamento Interno Escolar 2025\">\n      <\/div>\n      <span class=\"doc-card__label\">Reglamento Interno Escolar 2025<\/span>\n    <\/a>\n\n    <a href=\"https:\/\/dsch.cl\/wp-content\/uploads\/2026\/04\/REP-2025-actualizado-al-6.11.2025.pdf\" class=\"doc-card doc-card--muted\" target=\"_blank\" rel=\"noopener\">\n      <div class=\"doc-card__thumb\">\n        <img decoding=\"async\" src=\"https:\/\/dsch.cl\/wp-content\/uploads\/2026\/04\/icon_2_-12.png\" alt=\"Reglamento de Evaluaci\u00f3n, Calificaci\u00f3n y Promoci\u00f3n 2025\">\n      <\/div>\n      <span class=\"doc-card__label\">Reglamento de Evaluaci\u00f3n, Calificaci\u00f3n y Promoci\u00f3n 2025<\/span>\n    <\/a>\n\n    <a href=\"https:\/\/dsch.cl\/wp-content\/uploads\/2026\/04\/Reglamento-de-Pagos-an\u0303o-escolar-2023-2024.pdf\" class=\"doc-card doc-card--muted\" target=\"_blank\" rel=\"noopener\">\n      <div class=\"doc-card__thumb\">\n        <img decoding=\"async\" src=\"https:\/\/dsch.cl\/wp-content\/uploads\/2026\/04\/icon_2_-13.png\" alt=\"Reglamento de Pagos 2024\">\n      <\/div>\n      <span class=\"doc-card__label\">Reglamento de Pagos 2024<\/span>\n    <\/a>\n\n    <a href=\"https:\/\/dsch.cl\/wp-content\/uploads\/2026\/04\/PSM-CACH-VF.pdf\" class=\"doc-card\" target=\"_blank\" rel=\"noopener\">\n      <div class=\"doc-card__thumb\">\n        <img decoding=\"async\" src=\"https:\/\/dsch.cl\/wp-content\/uploads\/2026\/04\/icon_2_-17.png\" alt=\"Protocolo de Salud Mental en Contexto Escolar\">\n      <\/div>\n      <span class=\"doc-card__label\">Protocolo de Salud Mental en Contexto Escolar<\/span>\n    <\/a>\n\n    <a href=\"https:\/\/dsch.cl\/wp-content\/uploads\/2026\/04\/Procedimiento-apoderados-ante-sismo-2024.pdf\" class=\"doc-card\" target=\"_blank\" rel=\"noopener\">\n      <div class=\"doc-card__thumb\">\n        <img decoding=\"async\" src=\"https:\/\/dsch.cl\/wp-content\/uploads\/2026\/04\/icon_2_-18.png\" alt=\"Procedimiento para Apoderados en Caso de Sismo 2024\">\n      <\/div>\n      <span class=\"doc-card__label\">Procedimiento para Apoderados en Caso de Sismo 2024<\/span>\n    <\/a>\n\n    <a href=\"https:\/\/dsch.cl\/wp-content\/uploads\/2026\/04\/Poli\u0301tica-lingu\u0308istica-2024-web.pdf\" class=\"doc-card\" target=\"_blank\" rel=\"noopener\">\n      <div class=\"doc-card__thumb\">\n        <img decoding=\"async\" src=\"https:\/\/dsch.cl\/wp-content\/uploads\/2026\/04\/icon_2_-19.png\" alt=\"Pol\u00edtica Ling\u00fc\u00edstica\">\n      <\/div>\n      <span class=\"doc-card__label\">Pol\u00edtica Ling\u00fc\u00edstica<\/span>\n    <\/a>\n\n    <a href=\"https:\/\/dsch.cl\/wp-content\/uploads\/2026\/04\/Poli\u0301tica-de-Probidad-Acade\u0301mica-2024-web.pdf\" class=\"doc-card\" target=\"_blank\" rel=\"noopener\">\n      <div class=\"doc-card__thumb\">\n        <img decoding=\"async\" src=\"https:\/\/dsch.cl\/wp-content\/uploads\/2026\/04\/icon_2_-14.png\" alt=\"Pol\u00edtica de Probidad Acad\u00e9mica 2024\">\n      <\/div>\n      <span class=\"doc-card__label\">Pol\u00edtica de Probidad Acad\u00e9mica 2024<\/span>\n    <\/a>\n\n    <a href=\"https:\/\/dsch.cl\/wp-content\/uploads\/2026\/04\/Plan-integral-de-seguridad-escolar-2025-actualizado-al-27.03.2025.pdf\" class=\"doc-card\" target=\"_blank\" rel=\"noopener\">\n      <div class=\"doc-card__thumb\">\n        <img decoding=\"async\" src=\"https:\/\/dsch.cl\/wp-content\/uploads\/2026\/04\/icon_2_-15.png\" alt=\"Plan Integral de Seguridad Escolar 2025\">\n      <\/div>\n      <span class=\"doc-card__label\">Plan Integral de Seguridad Escolar 2025<\/span>\n    <\/a>\n\n    <a href=\"https:\/\/dsch.cl\/wp-content\/uploads\/2026\/04\/PROYECTO-EDUCATIVO-INSTITUCIONAL-2024.pdf\" class=\"doc-card\" target=\"_blank\" rel=\"noopener\">\n      <div class=\"doc-card__thumb\">\n        <img decoding=\"async\" src=\"https:\/\/dsch.cl\/wp-content\/uploads\/2026\/04\/icon_2_-16.png\" alt=\"Proyecto Educativo Institucional 2019\">\n      <\/div>\n      <span class=\"doc-card__label\">Proyecto Educativo Institucional 2019<\/span>\n    <\/a>\n\n    <a href=\"https:\/\/dsch.cl\/wp-content\/uploads\/2026\/04\/Poli\u0301tica-Uso-Aparatos-Tecnolo\u0301gicos-2026-actualizado-al-6.01.2026.pdf\" class=\"doc-card\" target=\"_blank\" rel=\"noopener\">\n      <div class=\"doc-card__thumb\">\n        <img decoding=\"async\" src=\"https:\/\/dsch.cl\/wp-content\/uploads\/2026\/04\/icon_2_28.png\" alt=\"Pol\u00edtica de Uso de Aparatos Tecnol\u00f3gicos\">\n      <\/div>\n      <span class=\"doc-card__label\">Pol\u00edtica de Uso de Aparatos Tecnol\u00f3gicos<\/span>\n    <\/a>\n  <\/div>\n<\/div>\n","protected":false},"excerpt":{"rendered":"<p>Reglamentos y protocolos Reglamento Interno Escolar 2025 Reglamento de Evaluaci\u00f3n, Calificaci\u00f3n y Promoci\u00f3n 2025 Reglamento de Pagos 2024 Protocolo de Salud Mental en Contexto Escolar Procedimiento para Apoderados en Caso de Sismo 2024 Pol\u00edtica Ling\u00fc\u00edstica Pol\u00edtica de Probidad Acad\u00e9mica 2024 Plan Integral de Seguridad Escolar 2025 Proyecto Educativo Institucional 2019 Pol\u00edtica de Uso de Aparatos [&hellip;]<\/p>\n","protected":false},"author":1,"featured_media":0,"parent":0,"menu_order":0,"comment_status":"closed","ping_status":"closed","template":"","meta":{"footnotes":""},"class_list":["post-14448","page","type-page","status-publish","hentry"],"_links":{"self":[{"href":"https:\/\/dsch.cl\/index.php?rest_route=\/wp\/v2\/pages\/14448","targetHints":{"allow":["GET"]}}],"collection":[{"href":"https:\/\/dsch.cl\/index.php?rest_route=\/wp\/v2\/pages"}],"about":[{"href":"https:\/\/dsch.cl\/index.php?rest_route=\/wp\/v2\/types\/page"}],"author":[{"embeddable":true,"href":"https:\/\/dsch.cl\/index.php?rest_route=\/wp\/v2\/users\/1"}],"replies":[{"embeddable":true,"href":"https:\/\/dsch.cl\/index.php?rest_route=%2Fwp%2Fv2%2Fcomments&post=14448"}],"version-history":[{"count":11,"href":"https:\/\/dsch.cl\/index.php?rest_route=\/wp\/v2\/pages\/14448\/revisions"}],"predecessor-version":[{"id":14540,"href":"https:\/\/dsch.cl\/index.php?rest_route=\/wp\/v2\/pages\/14448\/revisions\/14540"}],"wp:attachment":[{"href":"https:\/\/dsch.cl\/index.php?rest_route=%2Fwp%2Fv2%2Fmedia&parent=14448"}],"curies":[{"name":"wp","href":"https:\/\/api.w.org\/{rel}","templated":true}]}}