{"id":14453,"date":"2026-04-16T13:59:40","date_gmt":"2026-04-16T13:59:40","guid":{"rendered":"https:\/\/dsch.cl\/?page_id=14453"},"modified":"2026-04-23T15:27:52","modified_gmt":"2026-04-23T15:27:52","slug":"proyecto-educativo","status":"publish","type":"page","link":"https:\/\/dsch.cl\/?page_id=14453","title":{"rendered":"Proyecto Educativo"},"content":{"rendered":"<section class=\"hero-pages\">\n  <video class=\"hero-pages__bg\" autoplay muted loop playsinline preload=\"metadata\">\n    <source src=\"https:\/\/dsch.cl\/wp-content\/uploads\/videoplayback.mp4\" type=\"video\/mp4\">\n  <\/video>\n\n  <div class=\"hero-pages__overlay\"><\/div>\n\n  <div class=\"hero-pages__inner\">\n    <img decoding=\"async\"\n      class=\"hero-pages__side-logo hero-pages__side-logo--left\"\n      src=\"https:\/\/dsch.cl\/wp-content\/uploads\/2026\/04\/paschlogoneu_quadratisch-v1-formatkey-png-w320r-1-1-e1775577462426.png\"\n      alt=\"\"\n      aria-hidden=\"true\"\n    >\n\n    <img decoding=\"async\"\n      class=\"hero-pages__side-logo hero-pages__side-logo--right\"\n      src=\"https:\/\/dsch.cl\/wp-content\/uploads\/2026\/04\/image-removebg-preview.png\"\n      alt=\"\"\n      aria-hidden=\"true\"\n    >\n  <\/div>\n\n  <div class=\"hero-pages__buttons hero-pages__buttons--split\">\n    <div class=\"hero-pages__card hero-pages__card--left\">\n      <div class=\"hero-pages__submenu\">\n        <div class=\"hero-pages__submenu-links\">\n          <a href=\"https:\/\/dsch.cl\/?page_id=14437\" class=\"hero-pages__submenu-link\">Historia<\/a>\n          <a href=\"https:\/\/dsch.cl\/?page_id=14453\" class=\"hero-pages__submenu-link\">Proyecto educativo<\/a>\n          <a href=\"https:\/\/dsch.cl\/?page_id=14442\" class=\"hero-pages__submenu-link\">Equipos<\/a>\n          <a href=\"https:\/\/dsch.cl\/?page_id=14448\" class=\"hero-pages__submenu-link\">Reglamento<\/a>\n          <a href=\"#\" class=\"hero-pages__submenu-link\">Alianzas y socios<\/a>\n          <a href=\"#\" class=\"hero-pages__submenu-link\">Otros colegios alemanes<\/a>\n        <\/div>\n      <\/div>\n      <a href=\"#\" class=\"hero-pages__btn hero-pages__btn--block hero-pages__btn--neutral\">Colegio<\/a>\n    <\/div>\n\n    <a href=\"#\" class=\"hero-pages__btn hero-pages__btn--block hero-pages__btn--neutral\">Programa<br>internacional<\/a>\n\n    <a href=\"https:\/\/dsch.cl\/?page_id=14490\" class=\"hero-pages__btn hero-pages__btn--block hero-pages__btn--accent\">Admisi&oacute;n<\/a>\n\n    <div class=\"hero-pages__card hero-pages__card--right\">\n      <div class=\"hero-pages__submenu\">\n        <div class=\"hero-pages__submenu-links\">\n          <a href=\"https:\/\/dsch.cl\/?page_id=14448\" class=\"hero-pages__submenu-link\">Reglamentos<\/a>\n          <a href=\"#\" class=\"hero-pages__submenu-link\">Bachillerato internacional<\/a>\n          <a href=\"#\" class=\"hero-pages__submenu-link\">Niveles educativos<\/a>\n          <a href=\"#\" class=\"hero-pages__submenu-link\">Equipos docentes<\/a>\n          <a href=\"#\" class=\"hero-pages__submenu-link\">Jornada extendida<\/a>\n          <a href=\"#\" class=\"hero-pages__submenu-link\">Intercambios<\/a>\n        <\/div>\n      <\/div>\n      <a href=\"#\" class=\"hero-pages__btn hero-pages__btn--block hero-pages__btn--neutral\">Nuestra<br>pedagog&iacute;a<\/a>\n    <\/div>\n\n    <a href=\"#\" class=\"hero-pages__btn hero-pages__btn--block hero-pages__btn--neutral\">Comunidad<\/a>\n  <\/div>\n<\/section>\n\n\n<!-- ============================================================\n     PROYECTO EDUCATIVO \u2014 paste as Custom HTML block in WP editor\n     Requires: assets\/css\/page.css\n     Replace placeholder text with real content.\n     ============================================================ -->\n\n<div class=\"page-content\">\n\n  <h1 class=\"page-title\">Proyecto educativo<\/h1>\n\n  <!-- Intro text -->\n  <div class=\"proyecto-intro\">\n    <p>\n      El programa educativo del Colegio Alem\u00e1n Chicureo est\u00e1 elaborado sobre la\n      base de principios del <a href=\"#\">IB (IBO)<\/a>, cuyos objetivos buscan\n      formar j\u00f3venes solidarios, informados y \u00e1vidos de conocimiento, capaces de\n      contribuir a crear un mundo mejor y m\u00e1s pac\u00edfico, en el marco del\n      entendimiento mutuo y el respeto intercultural.\n    <\/p>\n    <p>\n      En este contexto, el rol del colegio es apoyar en el proceso de ense\u00f1anza\n      aprendizaje a trav\u00e9s de <a href=\"#\">climas y relaciones que favorezcan el\n      inter\u00e9s<\/a> y <a href=\"#\">el gusto por aprender<\/a>. As\u00ed como generar,\n      tambi\u00e9n, espacios en que el alumno aprenda a <strong>conocerse, conocer a\n      otros, convivir, compartir intereses<\/strong> y desaf\u00edos comunes.\n    <\/p>\n    <p>\n      Con un enfoque en el desarrollo integral de la persona, el colegio busca\n      potenciar las habilidades blandas, relacionales y val\u00f3ricas del alumno.\n      Tambi\u00e9n se propone <a href=\"#\">dimensionar conocimientos<\/a> y\n      <strong>fortalecer habilidades acad\u00e9micas<\/strong>.\n    <\/p>\n    <p>\n      Con un equipo pedag\u00f3gico unido y colaborativo, el colegio organiza su\n      propuesta educativa a trav\u00e9s de <a href=\"#\">bloques tem\u00e1ticos\n      interdisciplinarios<\/a>, promoviendo as\u00ed el aprendizaje colaborativo,\n      cr\u00edtico y creativo, base fundamental para el bienestar comunitario.\n    <\/p>\n  <\/div>\n\n  <!-- \u2500\u2500 Misi\u00f3n \u2500\u2500 -->\n  <div class=\"proyecto-section\">\n    <h2 class=\"proyecto-section-title\">misi\u00f3n<\/h2>\n    <div class=\"proyecto-section-body\">\n      <p>\n        Ofrecer una <a href=\"#\">formaci\u00f3n integral fundamentada<\/a> en los valores\n        alemanes que incentive la <a href=\"#\">excelencia acad\u00e9mica<\/a>, la reflexi\u00f3n\n        cr\u00edtica, los valores, las habilidades y el desarrollo a la excelencia e\n        impacto responsable.\n      <\/p>\n      <p>\n        Nuestro modelo es formar <a href=\"#\">&#8220;Ciudadanos del Mundo&#8221;<\/a> y\n        replicar la <a href=\"#\">visi\u00f3n y los valores del Colegio<\/a>: la\n        excelencia, la bondad y el compromiso.\n      <\/p>\n    <\/div>\n  <\/div>\n\n  <!-- \u2500\u2500 Visi\u00f3n \u2500\u2500 -->\n  <div class=\"proyecto-section\">\n    <h2 class=\"proyecto-section-title\">visi\u00f3n<\/h2>\n    <div class=\"proyecto-section-body\">\n      <p>\n        Educaci\u00f3n formal apoyada de <a href=\"#\">aprendizaje experiencial y\n        vivencial<\/a>, que <a href=\"#\">enriquece a cada alumno<\/a> y a la\n        comunidad, generando ciudadanos del mundo con <a href=\"#\">vocaci\u00f3n de\n        servicio, participando activamente en la construcci\u00f3n de una sociedad m\u00e1s\n        justa y solidaria<\/a>.\n      <\/p>\n    <\/div>\n  <\/div>\n\n  <!-- \u2500\u2500 Valores DSCh \u2500\u2500 -->\n  <h2 class=\"valores-title\">Valores DSCh<\/h2>\n  <div class=\"valores-grid\">\n\n    <div class=\"valor-card\">\n      <!-- Replace src with real image URL -->\n      <img decoding=\"async\" class=\"valor-card__image\" src=\"\" alt=\"Alegr\u00eda de vivir\">\n      <span class=\"valor-card__label\">alegr\u00eda de vivir<\/span>\n    <\/div>\n\n    <div class=\"valor-card\">\n      <img decoding=\"async\" class=\"valor-card__image\" src=\"\" alt=\"Respeto\">\n      <span class=\"valor-card__label\">respeto<\/span>\n    <\/div>\n\n    <div class=\"valor-card\">\n      <img decoding=\"async\" class=\"valor-card__image\" src=\"\" alt=\"Proactividad\">\n      <span class=\"valor-card__label\">proactividad<\/span>\n    <\/div>\n\n  <\/div>\n\n  <!-- \u2500\u2500 Principios b\u00e1sicos \u2500\u2500 -->\n  <div class=\"principios-section\">\n    <h2 class=\"principios-title\">\n      Principios b\u00e1sicos<br>\n      del Colegio Alem\u00e1n Chicureo\n    <\/h2>\n    <div class=\"principios-body\">\n      <p>\n        Creemos en la formaci\u00f3n integral de las personas. Estimulamos el\n        desarrollo de sus habilidades, emociones, habilidades e inter\u00e9s. Somos\n        una comunidad biling\u00fce que abraza la interculturalidad, el equipo\n        colaborativo. Amor hacia los miembros de la comunidad educativa pueden\n        desarrollar su potencial y hacer crecer personas.\n      <\/p>\n    <\/div>\n  <\/div>\n\n<\/div>\n<!-- \/page-content -->\n","protected":false},"excerpt":{"rendered":"<p>Proyecto educativo El programa educativo del Colegio Alem\u00e1n Chicureo est\u00e1 elaborado sobre la base de principios del IB (IBO), cuyos objetivos buscan formar j\u00f3venes solidarios, informados y \u00e1vidos de conocimiento, capaces de contribuir a crear un mundo mejor y m\u00e1s pac\u00edfico, en el marco del entendimiento mutuo y el respeto intercultural. En este contexto, el [&hellip;]<\/p>\n","protected":false},"author":1,"featured_media":0,"parent":0,"menu_order":0,"comment_status":"closed","ping_status":"closed","template":"","meta":{"footnotes":""},"class_list":["post-14453","page","type-page","status-publish","hentry"],"_links":{"self":[{"href":"https:\/\/dsch.cl\/index.php?rest_route=\/wp\/v2\/pages\/14453","targetHints":{"allow":["GET"]}}],"collection":[{"href":"https:\/\/dsch.cl\/index.php?rest_route=\/wp\/v2\/pages"}],"about":[{"href":"https:\/\/dsch.cl\/index.php?rest_route=\/wp\/v2\/types\/page"}],"author":[{"embeddable":true,"href":"https:\/\/dsch.cl\/index.php?rest_route=\/wp\/v2\/users\/1"}],"replies":[{"embeddable":true,"href":"https:\/\/dsch.cl\/index.php?rest_route=%2Fwp%2Fv2%2Fcomments&post=14453"}],"version-history":[{"count":2,"href":"https:\/\/dsch.cl\/index.php?rest_route=\/wp\/v2\/pages\/14453\/revisions"}],"predecessor-version":[{"id":14469,"href":"https:\/\/dsch.cl\/index.php?rest_route=\/wp\/v2\/pages\/14453\/revisions\/14469"}],"wp:attachment":[{"href":"https:\/\/dsch.cl\/index.php?rest_route=%2Fwp%2Fv2%2Fmedia&parent=14453"}],"curies":[{"name":"wp","href":"https:\/\/api.w.org\/{rel}","templated":true}]}}