{"id":14490,"date":"2026-04-23T20:48:47","date_gmt":"2026-04-23T20:48:47","guid":{"rendered":"https:\/\/dsch.cl\/?page_id=14490"},"modified":"2026-04-24T06:25:44","modified_gmt":"2026-04-24T06:25:44","slug":"admision-1","status":"publish","type":"page","link":"https:\/\/dsch.cl\/?page_id=14490","title":{"rendered":"Admision"},"content":{"rendered":"<section class=\"hero-pages\">\n  <video class=\"hero-pages__bg\" autoplay muted loop playsinline preload=\"metadata\">\n    <source src=\"https:\/\/dsch.cl\/wp-content\/uploads\/videoplayback.mp4\" type=\"video\/mp4\">\n  <\/video>\n\n  <div class=\"hero-pages__overlay\"><\/div>\n\n  <div class=\"hero-pages__inner\">\n    <img decoding=\"async\"\n      class=\"hero-pages__side-logo hero-pages__side-logo--left\"\n      src=\"https:\/\/dsch.cl\/wp-content\/uploads\/2026\/04\/paschlogoneu_quadratisch-v1-formatkey-png-w320r-1-1-e1775577462426.png\"\n      alt=\"\"\n      aria-hidden=\"true\"\n    >\n\n    <img decoding=\"async\"\n      class=\"hero-pages__side-logo hero-pages__side-logo--right\"\n      src=\"https:\/\/dsch.cl\/wp-content\/uploads\/2026\/04\/image-removebg-preview.png\"\n      alt=\"\"\n      aria-hidden=\"true\"\n    >\n  <\/div>\n\n  <div class=\"hero-pages__buttons hero-pages__buttons--split\">\n    <div class=\"hero-pages__card hero-pages__card--left\">\n      <div class=\"hero-pages__submenu\">\n        <div class=\"hero-pages__submenu-links\">\n          <a href=\"https:\/\/dsch.cl\/?page_id=14437\" class=\"hero-pages__submenu-link\">Historia<\/a>\n          <a href=\"https:\/\/dsch.cl\/?page_id=14453\" class=\"hero-pages__submenu-link\">Proyecto educativo<\/a>\n          <a href=\"https:\/\/dsch.cl\/?page_id=14442\" class=\"hero-pages__submenu-link\">Equipos<\/a>\n          <a href=\"https:\/\/dsch.cl\/?page_id=14448\" class=\"hero-pages__submenu-link\">Reglamento<\/a>\n          <a href=\"#\" class=\"hero-pages__submenu-link\">Alianzas y socios<\/a>\n          <a href=\"#\" class=\"hero-pages__submenu-link\">Otros colegios alemanes<\/a>\n        <\/div>\n      <\/div>\n      <a href=\"#\" class=\"hero-pages__btn hero-pages__btn--block hero-pages__btn--neutral\">Colegio<\/a>\n    <\/div>\n\n    <a href=\"#\" class=\"hero-pages__btn hero-pages__btn--block hero-pages__btn--neutral\">Programa<br>internacional<\/a>\n\n    <a href=\"https:\/\/dsch.cl\/?page_id=14490\" class=\"hero-pages__btn hero-pages__btn--block hero-pages__btn--accent\">Admisi&oacute;n<\/a>\n\n    <div class=\"hero-pages__card hero-pages__card--right\">\n      <div class=\"hero-pages__submenu\">\n        <div class=\"hero-pages__submenu-links\">\n          <a href=\"https:\/\/dsch.cl\/?page_id=14448\" class=\"hero-pages__submenu-link\">Reglamentos<\/a>\n          <a href=\"#\" class=\"hero-pages__submenu-link\">Bachillerato internacional<\/a>\n          <a href=\"#\" class=\"hero-pages__submenu-link\">Niveles educativos<\/a>\n          <a href=\"#\" class=\"hero-pages__submenu-link\">Equipos docentes<\/a>\n          <a href=\"#\" class=\"hero-pages__submenu-link\">Jornada extendida<\/a>\n          <a href=\"#\" class=\"hero-pages__submenu-link\">Intercambios<\/a>\n        <\/div>\n      <\/div>\n      <a href=\"#\" class=\"hero-pages__btn hero-pages__btn--block hero-pages__btn--neutral\">Nuestra<br>pedagog&iacute;a<\/a>\n    <\/div>\n\n    <a href=\"#\" class=\"hero-pages__btn hero-pages__btn--block hero-pages__btn--neutral\">Comunidad<\/a>\n  <\/div>\n<\/section>\n\n\n<div class=\"page-content page-content--admission\">\n  <h1 class=\"page-title\">Admisi\u00f3n 2027<\/h1>\n\n  <p class=\"admission-intro\">\n    Descubre por qu\u00e9 somos la mejor opci\u00f3n para el futuro de tu hijo\n  <\/p>\n\n  <div class=\"admission-links\">\n    <a href=\"https:\/\/dsch.cl\/?page_id=14512\" class=\"admission-link-card\">\n      <div class=\"admission-link-card__thumb\">\n        <!-- Reemplazar con la URL del icono -->\n        <img decoding=\"async\" src=\"https:\/\/dsch.cl\/wp-content\/uploads\/2026\/04\/icon_2_-20.png\" alt=\"Proceso Admisi\u00f3n 2027\">\n      <\/div>\n      <span class=\"admission-link-card__label\">Proceso<br>Admisi\u00f3n 2027<\/span>\n    <\/a>\n\n    <a href=\"https:\/\/dsch.cl\/?page_id=14564\" class=\"admission-link-card\">\n      <div class=\"admission-link-card__thumb\">\n        <!-- Reemplazar con la URL del icono -->\n        <img decoding=\"async\" src=\"https:\/\/dsch.cl\/wp-content\/uploads\/2026\/04\/icon_2_-21.png\" alt=\"Aranceles 2027\">\n      <\/div>\n      <span class=\"admission-link-card__label\">Aranceles<br>2027<\/span>\n    <\/a>\n\n    <a href=\"URL-DEL-LINK-AGENDA-VISITA\" class=\"admission-link-card\">\n      <div class=\"admission-link-card__thumb\">\n        <!-- Reemplazar con la URL del icono -->\n        <img decoding=\"async\" src=\"https:\/\/dsch.cl\/wp-content\/uploads\/2026\/04\/icon_2_-22.png\" alt=\"Agenda visita\">\n      <\/div>\n      <span class=\"admission-link-card__label\">Agenda<br>Visita<\/span>\n    <\/a>\n\n    <a href=\"https:\/\/dsch.cl\/?page_id=14572\" class=\"admission-link-card\">\n      <div class=\"admission-link-card__thumb\">\n        <!-- Reemplazar con la URL del icono -->\n        <img decoding=\"async\" src=\"https:\/\/dsch.cl\/wp-content\/uploads\/2026\/04\/icon_2_-23.png\" alt=\"Jornada extendida\">\n      <\/div>\n      <span class=\"admission-link-card__label\">Jornada<br>Extendida<\/span>\n    <\/a>\n  <\/div>\n\n  <section class=\"admission-contact\">\n    <form class=\"admission-contact__form\" action=\"\" method=\"post\">\n    <input type=\"hidden\" name=\"admission_contact_form\" value=\"1\">\n    <input type=\"text\" name=\"website\" value=\"\" style=\"position:absolute;left:-9999px;opacity:0;pointer-events:none;\" tabindex=\"-1\" autocomplete=\"off\">\n\n    <div class=\"admission-contact__apply\">Postula<br>Aqu\u00ed<\/div>\n\n      <div class=\"admission-contact__fields\">\n        <input\n          type=\"text\"\n          class=\"admission-contact__field\"\n          name=\"nombre_completo\"\n          placeholder=\"Nombre completo\"\n          aria-label=\"Nombre completo\"\n        >\n        <input\n          type=\"email\"\n          class=\"admission-contact__field\"\n          name=\"correo_electronico\"\n          placeholder=\"Correo electr\u00f3nico\"\n          aria-label=\"Correo electr\u00f3nico\"\n        >\n        <input\n          type=\"tel\"\n          class=\"admission-contact__field\"\n          name=\"contacto_telefonico\"\n          placeholder=\"Contacto telef\u00f3nico\"\n          aria-label=\"Contacto telef\u00f3nico\"\n        >\n      <\/div>\n\n      <button type=\"submit\" class=\"admission-contact__submit\">Enviar<\/button>\n    <\/form>\n  <\/section>\n\n <div class=\"admission-benefits\">\n  <div class=\"admission-benefits__media\">\n    <img decoding=\"async\" src=\"https:\/\/dsch.cl\/wp-content\/uploads\/2026\/04\/9.png\" alt=\"Ense\u00f1anza del alem\u00e1n e ingl\u00e9s\">\n  <\/div>\n  <div class=\"admission-benefits__copy\">\n    <p>Ense\u00f1anza del alem\u00e1n e ingl\u00e9s desde Ciclo Inicial.<\/p>\n  <\/div>\n\n  <div class=\"admission-benefits__media\">\n    <img decoding=\"async\" src=\"https:\/\/dsch.cl\/wp-content\/uploads\/2026\/04\/10.png\" alt=\"Red Mundial de Colegios Alemanes\">\n  <\/div>\n  <div class=\"admission-benefits__copy\">\n    <p>Miembro de la Red Mundial de Colegios Alemanes en el Extranjero y de la Organizaci\u00f3n del Bachillerato Internacional (IB).<\/p>\n  <\/div>\n\n  <div class=\"admission-benefits__copy\">\n    <p>Comunidad diversa e inclusiva con formaci\u00f3n integral y mentalidad internacional.<\/p>\n  <\/div>\n  <div class=\"admission-benefits__media\">\n    <img decoding=\"async\" src=\"https:\/\/dsch.cl\/wp-content\/uploads\/2026\/04\/11.png\" alt=\"Comunidad diversa e inclusiva\">\n  <\/div>\n\n  <div class=\"admission-benefits__copy\">\n    <p>Aprendizaje integral mediante intercambios, campamentos y actividades extracurriculares.<\/p>\n  <\/div>\n  <div class=\"admission-benefits__media\">\n    <img decoding=\"async\" src=\"https:\/\/dsch.cl\/wp-content\/uploads\/2026\/04\/12.png\" alt=\"Intercambios y actividades extracurriculares\">\n  <\/div>\n\n  <div class=\"admission-benefits__media\">\n    <img decoding=\"async\" src=\"https:\/\/dsch.cl\/wp-content\/uploads\/2026\/04\/13.png\" alt=\"Jornada extendida\">\n  <\/div>\n  <div class=\"admission-benefits__copy\">\n    <p>Jornada extendida desde los primeros a\u00f1os escolares.<\/p>\n  <\/div>\n\n  <div class=\"admission-benefits__media\">\n    <img decoding=\"async\" src=\"https:\/\/dsch.cl\/wp-content\/uploads\/2026\/04\/14.png\" alt=\"Programas PEP, PAI y PD\">\n  <\/div>\n  <div class=\"admission-benefits__copy\">\n    <p>Implementaci\u00f3n de los programas PEP, PAI y PD del Bachillerato Internacional.<\/p>\n  <\/div>\n\n  <div class=\"admission-benefits__copy\">\n    <p>Proyecto educativo de vanguardia arraigado en la tradici\u00f3n alemana.<\/p>\n  <\/div>\n  <div class=\"admission-benefits__media\">\n    <img decoding=\"async\" src=\"https:\/\/dsch.cl\/wp-content\/uploads\/2026\/04\/15.png\" alt=\"Proyecto educativo de vanguardia\">\n  <\/div>\n\n  <div class=\"admission-benefits__copy\">\n    <p>Formaci\u00f3n integral con foco acad\u00e9mico, humano e internacional.<\/p>\n  <\/div>\n  <div class=\"admission-benefits__media\">\n    <img decoding=\"async\" src=\"https:\/\/dsch.cl\/wp-content\/uploads\/2026\/04\/16.png\" alt=\"Formaci\u00f3n integral\">\n  <\/div>\n<\/div>\n<\/div>\n\n\n\n<p><\/p>\n","protected":false},"excerpt":{"rendered":"<p>Admisi\u00f3n 2027 Descubre por qu\u00e9 somos la mejor opci\u00f3n para el futuro de tu hijo ProcesoAdmisi\u00f3n 2027 Aranceles2027 AgendaVisita JornadaExtendida PostulaAqu\u00ed Enviar Ense\u00f1anza del alem\u00e1n e ingl\u00e9s desde Ciclo Inicial. Miembro de la Red Mundial de Colegios Alemanes en el Extranjero y de la Organizaci\u00f3n del Bachillerato Internacional (IB). Comunidad diversa e inclusiva con formaci\u00f3n [&hellip;]<\/p>\n","protected":false},"author":1,"featured_media":0,"parent":0,"menu_order":0,"comment_status":"closed","ping_status":"closed","template":"","meta":{"footnotes":""},"class_list":["post-14490","page","type-page","status-publish","hentry"],"_links":{"self":[{"href":"https:\/\/dsch.cl\/index.php?rest_route=\/wp\/v2\/pages\/14490","targetHints":{"allow":["GET"]}}],"collection":[{"href":"https:\/\/dsch.cl\/index.php?rest_route=\/wp\/v2\/pages"}],"about":[{"href":"https:\/\/dsch.cl\/index.php?rest_route=\/wp\/v2\/types\/page"}],"author":[{"embeddable":true,"href":"https:\/\/dsch.cl\/index.php?rest_route=\/wp\/v2\/users\/1"}],"replies":[{"embeddable":true,"href":"https:\/\/dsch.cl\/index.php?rest_route=%2Fwp%2Fv2%2Fcomments&post=14490"}],"version-history":[{"count":18,"href":"https:\/\/dsch.cl\/index.php?rest_route=\/wp\/v2\/pages\/14490\/revisions"}],"predecessor-version":[{"id":14574,"href":"https:\/\/dsch.cl\/index.php?rest_route=\/wp\/v2\/pages\/14490\/revisions\/14574"}],"wp:attachment":[{"href":"https:\/\/dsch.cl\/index.php?rest_route=%2Fwp%2Fv2%2Fmedia&parent=14490"}],"curies":[{"name":"wp","href":"https:\/\/api.w.org\/{rel}","templated":true}]}}