{"id":14512,"date":"2026-04-23T21:38:48","date_gmt":"2026-04-23T21:38:48","guid":{"rendered":"https:\/\/dsch.cl\/?page_id=14512"},"modified":"2026-04-24T06:39:01","modified_gmt":"2026-04-24T06:39:01","slug":"proceso-admision","status":"publish","type":"page","link":"https:\/\/dsch.cl\/?page_id=14512","title":{"rendered":"Proceso Admision"},"content":{"rendered":"<section class=\"hero-pages\">\n  <video class=\"hero-pages__bg\" autoplay muted loop playsinline preload=\"metadata\">\n    <source src=\"https:\/\/dsch.cl\/wp-content\/uploads\/videoplayback.mp4\" type=\"video\/mp4\">\n  <\/video>\n\n  <div class=\"hero-pages__overlay\"><\/div>\n\n  <div class=\"hero-pages__inner\">\n    <img decoding=\"async\"\n      class=\"hero-pages__side-logo hero-pages__side-logo--left\"\n      src=\"https:\/\/dsch.cl\/wp-content\/uploads\/2026\/04\/paschlogoneu_quadratisch-v1-formatkey-png-w320r-1-1-e1775577462426.png\"\n      alt=\"\"\n      aria-hidden=\"true\"\n    >\n\n    <img decoding=\"async\"\n      class=\"hero-pages__side-logo hero-pages__side-logo--right\"\n      src=\"https:\/\/dsch.cl\/wp-content\/uploads\/2026\/04\/image-removebg-preview.png\"\n      alt=\"\"\n      aria-hidden=\"true\"\n    >\n  <\/div>\n\n  <div class=\"hero-pages__buttons hero-pages__buttons--split\">\n    <div class=\"hero-pages__card hero-pages__card--left\">\n      <div class=\"hero-pages__submenu\">\n        <div class=\"hero-pages__submenu-links\">\n          <a href=\"https:\/\/dsch.cl\/?page_id=14437\" class=\"hero-pages__submenu-link\">Historia<\/a>\n          <a href=\"https:\/\/dsch.cl\/?page_id=14453\" class=\"hero-pages__submenu-link\">Proyecto educativo<\/a>\n          <a href=\"https:\/\/dsch.cl\/?page_id=14442\" class=\"hero-pages__submenu-link\">Equipos<\/a>\n          <a href=\"https:\/\/dsch.cl\/?page_id=14448\" class=\"hero-pages__submenu-link\">Reglamento<\/a>\n          <a href=\"#\" class=\"hero-pages__submenu-link\">Alianzas y socios<\/a>\n          <a href=\"#\" class=\"hero-pages__submenu-link\">Otros colegios alemanes<\/a>\n        <\/div>\n      <\/div>\n      <a href=\"#\" class=\"hero-pages__btn hero-pages__btn--block hero-pages__btn--neutral\">Colegio<\/a>\n    <\/div>\n\n    <a href=\"#\" class=\"hero-pages__btn hero-pages__btn--block hero-pages__btn--neutral\">Programa<br>internacional<\/a>\n\n    <a href=\"https:\/\/dsch.cl\/?page_id=14490\" class=\"hero-pages__btn hero-pages__btn--block hero-pages__btn--accent\">Admisi&oacute;n<\/a>\n\n    <div class=\"hero-pages__card hero-pages__card--right\">\n      <div class=\"hero-pages__submenu\">\n        <div class=\"hero-pages__submenu-links\">\n          <a href=\"https:\/\/dsch.cl\/?page_id=14448\" class=\"hero-pages__submenu-link\">Reglamentos<\/a>\n          <a href=\"#\" class=\"hero-pages__submenu-link\">Bachillerato internacional<\/a>\n          <a href=\"#\" class=\"hero-pages__submenu-link\">Niveles educativos<\/a>\n          <a href=\"#\" class=\"hero-pages__submenu-link\">Equipos docentes<\/a>\n          <a href=\"#\" class=\"hero-pages__submenu-link\">Jornada extendida<\/a>\n          <a href=\"#\" class=\"hero-pages__submenu-link\">Intercambios<\/a>\n        <\/div>\n      <\/div>\n      <a href=\"#\" class=\"hero-pages__btn hero-pages__btn--block hero-pages__btn--neutral\">Nuestra<br>pedagog&iacute;a<\/a>\n    <\/div>\n\n    <a href=\"#\" class=\"hero-pages__btn hero-pages__btn--block hero-pages__btn--neutral\">Comunidad<\/a>\n  <\/div>\n<\/section>\n\n\n<div class=\"page-content page-content--admission-process\">\n  <h1 class=\"page-title\">Etapas del proceso<\/h1>\n\n  <p class=\"admission-process-intro\">\n    <strong>Postulaciones abiertas,<\/strong> para todos los niveles.\n  <\/p>\n\n  <div class=\"admission-process-stages\">\n    <div class=\"admission-process-stage admission-process-stage--left\">\n      <p class=\"admission-process-stage__note\">\n        Playgroup,<br>\n        Prek\u00ednder<br>\n        y K\u00ednder\n      <\/p>\n\n      <div class=\"admission-process-card\">\n        <div class=\"admission-process-card__thumb\">\n          <!-- Reemplazar con la URL del icono -->\n          <img decoding=\"async\" src=\"https:\/\/dsch.cl\/wp-content\/uploads\/2026\/04\/icon_2_-24.png\" alt=\"Fase de observaci\u00f3n\">\n        <\/div>\n        <div class=\"admission-process-card__label\">\n          Evaluaci\u00f3n:<br>\n          Fase de observaci\u00f3n\n        <\/div>\n      <\/div>\n    <\/div>\n\n    <div class=\"admission-process-stage admission-process-stage--right\">\n      <div class=\"admission-process-card\">\n        <div class=\"admission-process-card__thumb\">\n          <!-- Reemplazar con la URL del icono -->\n          <img decoding=\"async\" src=\"https:\/\/dsch.cl\/wp-content\/uploads\/2026\/04\/icon_2_-25.png\" alt=\"Prueba de admisi\u00f3n\">\n        <\/div>\n        <div class=\"admission-process-card__label\">\n          Evaluaci\u00f3n:<br>\n          Prueba de admisi\u00f3n\n        <\/div>\n      <\/div>\n\n      <p class=\"admission-process-stage__note\">\n        1\u00b0 B\u00e1sico a<br>\n        IV Medio\n      <\/p>\n    <\/div>\n  <\/div>\n\n  <div class=\"admission-process-arrows\" aria-hidden=\"true\">\n  <span class=\"admission-process-arrow admission-process-arrow--left\">\n    <img decoding=\"async\" src=\"https:\/\/dsch.cl\/wp-content\/uploads\/2026\/04\/icon_2_-29.png\" alt=\"\">\n  <\/span>\n  <span class=\"admission-process-arrow admission-process-arrow--right\">\n    <img decoding=\"async\" src=\"https:\/\/dsch.cl\/wp-content\/uploads\/2026\/04\/icon_2_-30.png\" alt=\"\">\n  <\/span>\n<\/div>\n\n\n  <div class=\"admission-process-result\">\n    <h2 class=\"admission-process-result__title\">Publicaci\u00f3n de los resultados<\/h2>\n    <p class=\"admission-process-result__text\">Comunicaci\u00f3n oficial a las familias.<\/p>\n  <\/div>\n\n  <section class=\"admission-contact\">\n    <form class=\"admission-contact__form\" action=\"\" method=\"post\">\n      <input type=\"hidden\" name=\"admission_contact_form\" value=\"1\">\n      <input type=\"text\" name=\"website\" value=\"\" style=\"position:absolute;left:-9999px;opacity:0;pointer-events:none;\" tabindex=\"-1\" autocomplete=\"off\">\n\n      <div class=\"admission-contact__apply\">Postula<br>Aqu\u00ed<\/div>\n\n      <div class=\"admission-contact__fields\">\n        <input\n          type=\"text\"\n          class=\"admission-contact__field\"\n          name=\"nombre_completo\"\n          placeholder=\"Nombre completo\"\n          aria-label=\"Nombre completo\"\n        >\n        <input\n          type=\"email\"\n          class=\"admission-contact__field\"\n          name=\"correo_electronico\"\n          placeholder=\"Correo electr\u00f3nico\"\n          aria-label=\"Correo electr\u00f3nico\"\n        >\n        <input\n          type=\"tel\"\n          class=\"admission-contact__field\"\n          name=\"contacto_telefonico\"\n          placeholder=\"Contacto telef\u00f3nico\"\n          aria-label=\"Contacto telef\u00f3nico\"\n        >\n      <\/div>\n\n      <button type=\"submit\" class=\"admission-contact__submit\">Enviar<\/button>\n    <\/form>\n  <\/section>\n\n  <hr class=\"admission-process-divider\">\n<\/div>\n\n\n\n<p><\/p>\n","protected":false},"excerpt":{"rendered":"<p>Etapas del proceso Postulaciones abiertas, para todos los niveles. Playgroup, Prek\u00ednder y K\u00ednder Evaluaci\u00f3n: Fase de observaci\u00f3n Evaluaci\u00f3n: Prueba de admisi\u00f3n 1\u00b0 B\u00e1sico a IV Medio Publicaci\u00f3n de los resultados Comunicaci\u00f3n oficial a las familias. PostulaAqu\u00ed Enviar<\/p>\n","protected":false},"author":1,"featured_media":0,"parent":0,"menu_order":0,"comment_status":"closed","ping_status":"closed","template":"","meta":{"footnotes":""},"class_list":["post-14512","page","type-page","status-publish","hentry"],"_links":{"self":[{"href":"https:\/\/dsch.cl\/index.php?rest_route=\/wp\/v2\/pages\/14512","targetHints":{"allow":["GET"]}}],"collection":[{"href":"https:\/\/dsch.cl\/index.php?rest_route=\/wp\/v2\/pages"}],"about":[{"href":"https:\/\/dsch.cl\/index.php?rest_route=\/wp\/v2\/types\/page"}],"author":[{"embeddable":true,"href":"https:\/\/dsch.cl\/index.php?rest_route=\/wp\/v2\/users\/1"}],"replies":[{"embeddable":true,"href":"https:\/\/dsch.cl\/index.php?rest_route=%2Fwp%2Fv2%2Fcomments&post=14512"}],"version-history":[{"count":6,"href":"https:\/\/dsch.cl\/index.php?rest_route=\/wp\/v2\/pages\/14512\/revisions"}],"predecessor-version":[{"id":14578,"href":"https:\/\/dsch.cl\/index.php?rest_route=\/wp\/v2\/pages\/14512\/revisions\/14578"}],"wp:attachment":[{"href":"https:\/\/dsch.cl\/index.php?rest_route=%2Fwp%2Fv2%2Fmedia&parent=14512"}],"curies":[{"name":"wp","href":"https:\/\/api.w.org\/{rel}","templated":true}]}}